{"id":752,"date":"2022-10-12T14:55:25","date_gmt":"2022-10-12T12:55:25","guid":{"rendered":"https:\/\/verloskundigenvenlo-blerick.nl\/?page_id=752"},"modified":"2023-04-05T10:35:13","modified_gmt":"2023-04-05T08:35:13","slug":"prenatale-onderzoeken","status":"publish","type":"page","link":"https:\/\/verloskundigenvenlo-blerick.nl\/pl\/prenatale-onderzoeken\/","title":{"rendered":"Testy prenatalne"},"content":{"rendered":"<div data-elementor-type=\"wp-page\" data-elementor-id=\"752\" class=\"elementor elementor-752\" data-elementor-post-type=\"page\">\n\t\t\t\t\t\t<section class=\"elementor-section elementor-top-section elementor-element elementor-element-8c3ccad elementor-section-boxed elementor-section-height-default elementor-section-height-default\" data-id=\"8c3ccad\" data-element_type=\"section\">\n\t\t\t\t\t\t<div class=\"elementor-container elementor-column-gap-default\">\n\t\t\t\t\t<div class=\"elementor-column elementor-col-50 elementor-top-column elementor-element elementor-element-9305ffd\" data-id=\"9305ffd\" data-element_type=\"column\">\n\t\t\t<div class=\"elementor-widget-wrap elementor-element-populated\">\n\t\t\t\t\t\t<div class=\"elementor-element elementor-element-e7d66df elementor-widget elementor-widget-heading\" data-id=\"e7d66df\" data-element_type=\"widget\" data-widget_type=\"heading.default\">\n\t\t\t\t<div class=\"elementor-widget-container\">\n\t\t\t<style>\/*! elementor - v3.23.0 - 05-08-2024 *\/\n.elementor-heading-title{padding:0;margin:0;line-height:1}.elementor-widget-heading .elementor-heading-title[class*=elementor-size-]>a{color:inherit;font-size:inherit;line-height:inherit}.elementor-widget-heading .elementor-heading-title.elementor-size-small{font-size:15px}.elementor-widget-heading .elementor-heading-title.elementor-size-medium{font-size:19px}.elementor-widget-heading .elementor-heading-title.elementor-size-large{font-size:29px}.elementor-widget-heading .elementor-heading-title.elementor-size-xl{font-size:39px}.elementor-widget-heading .elementor-heading-title.elementor-size-xxl{font-size:59px}<\/style><h2 class=\"elementor-heading-title elementor-size-default\">Testy prenatalne<\/h2>\t\t<\/div>\n\t\t\t\t<\/div>\n\t\t\t\t<div class=\"elementor-element elementor-element-6270de2 elementor-widget-divider--view-line elementor-widget elementor-widget-divider\" data-id=\"6270de2\" data-element_type=\"widget\" data-widget_type=\"divider.default\">\n\t\t\t\t<div class=\"elementor-widget-container\">\n\t\t\t<style>\/*! elementor - v3.23.0 - 05-08-2024 *\/\n.elementor-widget-divider{--divider-border-style:none;--divider-border-width:1px;--divider-color:#0c0d0e;--divider-icon-size:20px;--divider-element-spacing:10px;--divider-pattern-height:24px;--divider-pattern-size:20px;--divider-pattern-url:none;--divider-pattern-repeat:repeat-x}.elementor-widget-divider .elementor-divider{display:flex}.elementor-widget-divider .elementor-divider__text{font-size:15px;line-height:1;max-width:95%}.elementor-widget-divider .elementor-divider__element{margin:0 var(--divider-element-spacing);flex-shrink:0}.elementor-widget-divider .elementor-icon{font-size:var(--divider-icon-size)}.elementor-widget-divider .elementor-divider-separator{display:flex;margin:0;direction:ltr}.elementor-widget-divider--view-line_icon .elementor-divider-separator,.elementor-widget-divider--view-line_text .elementor-divider-separator{align-items:center}.elementor-widget-divider--view-line_icon .elementor-divider-separator:after,.elementor-widget-divider--view-line_icon .elementor-divider-separator:before,.elementor-widget-divider--view-line_text .elementor-divider-separator:after,.elementor-widget-divider--view-line_text .elementor-divider-separator:before{display:block;content:\"\";border-block-end:0;flex-grow:1;border-block-start:var(--divider-border-width) var(--divider-border-style) var(--divider-color)}.elementor-widget-divider--element-align-left .elementor-divider .elementor-divider-separator>.elementor-divider__svg:first-of-type{flex-grow:0;flex-shrink:100}.elementor-widget-divider--element-align-left .elementor-divider-separator:before{content:none}.elementor-widget-divider--element-align-left .elementor-divider__element{margin-left:0}.elementor-widget-divider--element-align-right .elementor-divider .elementor-divider-separator>.elementor-divider__svg:last-of-type{flex-grow:0;flex-shrink:100}.elementor-widget-divider--element-align-right .elementor-divider-separator:after{content:none}.elementor-widget-divider--element-align-right .elementor-divider__element{margin-right:0}.elementor-widget-divider--element-align-start .elementor-divider .elementor-divider-separator>.elementor-divider__svg:first-of-type{flex-grow:0;flex-shrink:100}.elementor-widget-divider--element-align-start .elementor-divider-separator:before{content:none}.elementor-widget-divider--element-align-start .elementor-divider__element{margin-inline-start:0}.elementor-widget-divider--element-align-end .elementor-divider .elementor-divider-separator>.elementor-divider__svg:last-of-type{flex-grow:0;flex-shrink:100}.elementor-widget-divider--element-align-end .elementor-divider-separator:after{content:none}.elementor-widget-divider--element-align-end .elementor-divider__element{margin-inline-end:0}.elementor-widget-divider:not(.elementor-widget-divider--view-line_text):not(.elementor-widget-divider--view-line_icon) .elementor-divider-separator{border-block-start:var(--divider-border-width) var(--divider-border-style) var(--divider-color)}.elementor-widget-divider--separator-type-pattern{--divider-border-style:none}.elementor-widget-divider--separator-type-pattern.elementor-widget-divider--view-line .elementor-divider-separator,.elementor-widget-divider--separator-type-pattern:not(.elementor-widget-divider--view-line) .elementor-divider-separator:after,.elementor-widget-divider--separator-type-pattern:not(.elementor-widget-divider--view-line) .elementor-divider-separator:before,.elementor-widget-divider--separator-type-pattern:not([class*=elementor-widget-divider--view]) .elementor-divider-separator{width:100%;min-height:var(--divider-pattern-height);-webkit-mask-size:var(--divider-pattern-size) 100%;mask-size:var(--divider-pattern-size) 100%;-webkit-mask-repeat:var(--divider-pattern-repeat);mask-repeat:var(--divider-pattern-repeat);background-color:var(--divider-color);-webkit-mask-image:var(--divider-pattern-url);mask-image:var(--divider-pattern-url)}.elementor-widget-divider--no-spacing{--divider-pattern-size:auto}.elementor-widget-divider--bg-round{--divider-pattern-repeat:round}.rtl .elementor-widget-divider .elementor-divider__text{direction:rtl}.e-con-inner>.elementor-widget-divider,.e-con>.elementor-widget-divider{width:var(--container-widget-width,100%);--flex-grow:var(--container-widget-flex-grow)}<\/style>\t\t<div class=\"elementor-divider\">\n\t\t\t<span class=\"elementor-divider-separator\">\n\t\t\t\t\t\t<\/span>\n\t\t<\/div>\n\t\t\t\t<\/div>\n\t\t\t\t<\/div>\n\t\t\t\t<div class=\"elementor-element elementor-element-8ec68e1 elementor-widget elementor-widget-text-editor\" data-id=\"8ec68e1\" data-element_type=\"widget\" data-widget_type=\"text-editor.default\">\n\t\t\t\t<div class=\"elementor-widget-container\">\n\t\t\t<style>\/*! elementor - v3.23.0 - 05-08-2024 *\/\n.elementor-widget-text-editor.elementor-drop-cap-view-stacked .elementor-drop-cap{background-color:#69727d;color:#fff}.elementor-widget-text-editor.elementor-drop-cap-view-framed .elementor-drop-cap{color:#69727d;border:3px solid;background-color:transparent}.elementor-widget-text-editor:not(.elementor-drop-cap-view-default) .elementor-drop-cap{margin-top:8px}.elementor-widget-text-editor:not(.elementor-drop-cap-view-default) .elementor-drop-cap-letter{width:1em;height:1em}.elementor-widget-text-editor .elementor-drop-cap{float:left;text-align:center;line-height:1;font-size:50px}.elementor-widget-text-editor .elementor-drop-cap-letter{display:inline-block}<\/style>\t\t\t\t<p>Podczas ci\u0105\u017cy otrzymasz wi\u0119cej informacji o r\u00f3\u017cnych mo\u017cliwych testach. 3 badania, o kt\u00f3rych mowa to: NIPT, USG 13-tygodniowe i USG 20-tygodniowe.\u00a0<\/p><p>Met de NIPT wordt bloed van de moeder onderzocht op de aanwezigheid van chromosomen van de placenta van de baby. Deze chromosomen zijn meestal identiek aan die van de baby zelf. De test is bedoeld om te kijken of er afwijkingen zijn op chromosoom 13,18 en 21 (o.a. Syndroom van Down). De test is betrouwbaar, maar is niet 100% zeker. De NIPT wordt vanaf 1 april 2023 volledig vergoed. Het is als bloedonderzoek met een buisje extra te bepalen als je het routine bloedonderzoek laat uitvoeren op route 11 (bloedafname) in VieCuri. Voor elk bloedonderzoek is een afspraak nodig bel <a href=\"tel:0031773205555\">077-3205555<\/a> of <a href=\"https:\/\/mijn.viecuri.nl\">mijnviecuri.nl<\/a>. Meer informatie over NIPT op: <a href=\"https:\/\/www.pns.nl\/nipt\">pns.nl\/nipt.<\/a><\/p>\t\t\t\t\t\t<\/div>\n\t\t\t\t<\/div>\n\t\t\t\t\t<\/div>\n\t\t<\/div>\n\t\t\t\t<div class=\"elementor-column elementor-col-50 elementor-top-column elementor-element elementor-element-448dd25\" data-id=\"448dd25\" data-element_type=\"column\" data-settings=\"{&quot;background_background&quot;:&quot;classic&quot;}\">\n\t\t\t<div class=\"elementor-widget-wrap elementor-element-populated\">\n\t\t\t\t\t\t<div class=\"elementor-element elementor-element-3003dd2 elementor-widget elementor-widget-spacer\" data-id=\"3003dd2\" data-element_type=\"widget\" data-widget_type=\"spacer.default\">\n\t\t\t\t<div class=\"elementor-widget-container\">\n\t\t\t<style>\/*! elementor - v3.23.0 - 05-08-2024 *\/\n.elementor-column .elementor-spacer-inner{height:var(--spacer-size)}.e-con{--container-widget-width:100%}.e-con-inner>.elementor-widget-spacer,.e-con>.elementor-widget-spacer{width:var(--container-widget-width,var(--spacer-size));--align-self:var(--container-widget-align-self,initial);--flex-shrink:0}.e-con-inner>.elementor-widget-spacer>.elementor-widget-container,.e-con>.elementor-widget-spacer>.elementor-widget-container{height:100%;width:100%}.e-con-inner>.elementor-widget-spacer>.elementor-widget-container>.elementor-spacer,.e-con>.elementor-widget-spacer>.elementor-widget-container>.elementor-spacer{height:100%}.e-con-inner>.elementor-widget-spacer>.elementor-widget-container>.elementor-spacer>.elementor-spacer-inner,.e-con>.elementor-widget-spacer>.elementor-widget-container>.elementor-spacer>.elementor-spacer-inner{height:var(--container-widget-height,var(--spacer-size))}.e-con-inner>.elementor-widget-spacer.elementor-widget-empty,.e-con>.elementor-widget-spacer.elementor-widget-empty{position:relative;min-height:22px;min-width:22px}.e-con-inner>.elementor-widget-spacer.elementor-widget-empty .elementor-widget-empty-icon,.e-con>.elementor-widget-spacer.elementor-widget-empty .elementor-widget-empty-icon{position:absolute;top:0;bottom:0;left:0;right:0;margin:auto;padding:0;width:22px;height:22px}<\/style>\t\t<div class=\"elementor-spacer\">\n\t\t\t<div class=\"elementor-spacer-inner\"><\/div>\n\t\t<\/div>\n\t\t\t\t<\/div>\n\t\t\t\t<\/div>\n\t\t\t\t\t<\/div>\n\t\t<\/div>\n\t\t\t\t\t<\/div>\n\t\t<\/section>\n\t\t\t\t<section class=\"elementor-section elementor-top-section elementor-element elementor-element-9ef9e5b elementor-section-boxed elementor-section-height-default elementor-section-height-default\" data-id=\"9ef9e5b\" data-element_type=\"section\">\n\t\t\t\t\t\t<div class=\"elementor-container elementor-column-gap-default\">\n\t\t\t\t\t<div class=\"elementor-column elementor-col-100 elementor-top-column elementor-element elementor-element-b96d929\" data-id=\"b96d929\" data-element_type=\"column\">\n\t\t\t<div class=\"elementor-widget-wrap elementor-element-populated\">\n\t\t\t\t\t\t<div class=\"elementor-element elementor-element-b1c0c2a elementor-widget elementor-widget-text-editor\" data-id=\"b1c0c2a\" data-element_type=\"widget\" data-widget_type=\"text-editor.default\">\n\t\t\t\t<div class=\"elementor-widget-container\">\n\t\t\t\t\t\t\t<p class=\" translation-block\">USG w 13 tygodniu to nowe kompleksowe badanie dziecka. Pomi\u0119dzy 12+3 a 14+3 dniem to badanie ultrasonograficzne sprawdza nieprawid\u0142owo\u015bci, kt\u00f3re mo\u017cna zaobserwowa\u0107 w tym okresie. Jest to w pe\u0142ni refundowane przez Twoje ubezpieczenie. Wi\u0119cej informacji na: <a href=\"http:\/\/pns.nl\/13-wekenecho\" target=\"_blank\" rel=\"noopener\">pns.nl\/13-wekenecho<\/a>.<\/p><p>20-tygodniowe badanie ultrasonograficzne (SEO) s\u0142u\u017cy do badania rozszczepu kr\u0119gos\u0142upa, wad serca i innych nieprawid\u0142owo\u015bci fizycznych u nienarodzonego dziecka. Ubezpieczenie zdrowotne w ca\u0142o\u015bci zwraca koszty tego badania. Wi\u0119cej informacji na:\u00a0<a href=\"http:\/\/pns.nl\/20-wekenecho\" target=\"_blank\" rel=\"noopener\">pns.nl\/20-wekenecho<\/a>.<\/p><p>Uwaga: nie wszystkie warunki mo\u017cna zbada\u0107. Je\u015bli badanie prenatalne wyka\u017ce, \u017ce istnieje niewielkie prawdopodobie\u0144stwo, \u017ce Twoje dziecko ma zesp\u00f3\u0142 Downa lub wad\u0119 fizyczn\u0105, nie mo\u017cna tego wykluczy\u0107. Mo\u017ce mie\u0107 r\u00f3wnie\u017c inny stan, kt\u00f3ry pozostaje niewykryty. Najwa\u017cniejsze pytanie dla Ciebie: \u201eCzy moje dziecko jest zdrowe?\u201d nigdy nie mo\u017cna odpowiedzie\u0107 z ca\u0142kowit\u0105 pewno\u015bci\u0105 za pomoc\u0105 obecnie dost\u0119pnych test\u00f3w.<\/p><p>Badania mog\u0105 uspokoi\u0107 Ci\u0119 co do stanu zdrowia Twojego dziecka. Ale mog\u0105 te\u017c powodowa\u0107 niepok\u00f3j i stawia\u0107 przed trudnymi wyborami. Oczywi\u015bcie decydujecie (wsp\u00f3lnie), czy chcecie badania i czy chcecie je p\u00f3\u017aniej wykona\u0107. Badanie kontrolne zwykle sk\u0142ada si\u0119 z kilku ultrad\u017awi\u0119k\u00f3w, ale mo\u017ce r\u00f3wnie\u017c oznacza\u0107 amniopunkcj\u0119 lub biopsj\u0119 kosm\u00f3wki. S\u0105 to w przeciwie\u0144stwie do USG NIPT w 13 i 20 tygodniu badania wysokiego ryzyka, gdzie ryzyko poronienia wynosi oko\u0142o 0,5-1%. W ka\u017cdej chwili mo\u017cesz przerwa\u0107 dalsze badania. Ale kiedy ju\u017c te badania si\u0119 rozpoczn\u0105, trudno je przerwa\u0107, je\u015bli oka\u017ce si\u0119, \u017ce z dzieckiem mo\u017ce by\u0107 co\u015b nie tak. Wiele os\u00f3b postrzega proces obserwacji jako obci\u0105\u017caj\u0105cy fizycznie i psychicznie.<\/p><p>Bij de 1e afspraak zullen we met je bespreken of je meer informatie wenst over de bovengenoemde onderzoeken. Als dit het geval is geven we je uitgebreide mondelinge toelichting. Dit is belangrijk en vereist om een goede keuze te kunnen maken. Verder ontvangt je een aantal folders waarin alles nogmaals duidelijk staat uitgelegd zodat je thuis kunt beslissen of je 1 of beide onderzoeken wilt doen. Bij de tweede controle kunt je dit dan kenbaar maken. Wij regelen de aanvragen voor deze onderzoeken voor je.<\/p><p>USG w 13 i 20 tygodniu ci\u0105\u017cy odbywa si\u0119 w Centrum Verloskundig onderzoek Noord-Limburg (CVONL w Venlo). Centrum to jest wynikiem wsp\u00f3\u0142pracy 5 praktyk po\u0142o\u017cnych w p\u00f3\u0142nocnej Limburgii i znajduje si\u0119 w Geboortecentrum Venlo na poziomie 3. Asystent skontaktuje si\u0119 z Tob\u0105 w celu um\u00f3wienia wizyty po otrzymaniu skierowania od po\u0142o\u017cnej. NIPT mo\u017cna okre\u015bli\u0107 jako badanie krwi z dodatkow\u0105 prob\u00f3wk\u0105, je\u015bli masz rutynowe badanie krwi przeprowadzone na trasie 11 (pobieranie krwi) w VieCuri<\/p>\t\t\t\t\t\t<\/div>\n\t\t\t\t<\/div>\n\t\t\t\t\t<\/div>\n\t\t<\/div>\n\t\t\t\t\t<\/div>\n\t\t<\/section>\n\t\t\t\t<\/div>","protected":false},"excerpt":{"rendered":"<p>Prenatale onderzoeken Tijdens de zwangerschap krijg je meer informatie over verschillende onderzoeken die mogelijk zijn. De 3 onderzoeken waar het om gaat zijn de NIPT, 13 weken echo en de 20 weken echo.\u00a0 Met de NIPT wordt bloed van de moeder onderzocht op de aanwezigheid van chromosomen van de placenta van de baby. Deze chromosomen [&hellip;]<\/p>","protected":false},"author":1,"featured_media":0,"parent":0,"menu_order":70,"comment_status":"closed","ping_status":"closed","template":"","meta":{"_links_to":"","_links_to_target":""},"_links":{"self":[{"href":"https:\/\/verloskundigenvenlo-blerick.nl\/pl\/wp-json\/wp\/v2\/pages\/752"}],"collection":[{"href":"https:\/\/verloskundigenvenlo-blerick.nl\/pl\/wp-json\/wp\/v2\/pages"}],"about":[{"href":"https:\/\/verloskundigenvenlo-blerick.nl\/pl\/wp-json\/wp\/v2\/types\/page"}],"author":[{"embeddable":true,"href":"https:\/\/verloskundigenvenlo-blerick.nl\/pl\/wp-json\/wp\/v2\/users\/1"}],"replies":[{"embeddable":true,"href":"https:\/\/verloskundigenvenlo-blerick.nl\/pl\/wp-json\/wp\/v2\/comments?post=752"}],"version-history":[{"count":31,"href":"https:\/\/verloskundigenvenlo-blerick.nl\/pl\/wp-json\/wp\/v2\/pages\/752\/revisions"}],"predecessor-version":[{"id":1770,"href":"https:\/\/verloskundigenvenlo-blerick.nl\/pl\/wp-json\/wp\/v2\/pages\/752\/revisions\/1770"}],"wp:attachment":[{"href":"https:\/\/verloskundigenvenlo-blerick.nl\/pl\/wp-json\/wp\/v2\/media?parent=752"}],"curies":[{"name":"wp","href":"https:\/\/api.w.org\/{rel}","templated":true}]}}